{"id":63,"date":"2022-01-08T15:55:29","date_gmt":"2022-01-08T14:55:29","guid":{"rendered":"http:\/\/www.twins-syndic.com\/?page_id=63"},"modified":"2023-09-03T14:24:07","modified_gmt":"2023-09-03T12:24:07","slug":"my-syndic","status":"publish","type":"page","link":"https:\/\/www.twins-syndic.com\/index.php\/my-syndic\/","title":{"rendered":"My Syndic"},"content":{"rendered":"\t\t<div data-elementor-type=\"wp-page\" data-elementor-id=\"63\" class=\"elementor elementor-63\" data-elementor-settings=\"[]\">\n\t\t\t\t\t\t\t<div class=\"elementor-section-wrap\">\n\t\t\t\t\t\t\t<section class=\"elementor-section elementor-top-section elementor-element elementor-element-94017bf elementor-section-boxed elementor-section-height-default elementor-section-height-default\" data-id=\"94017bf\" data-element_type=\"section\">\n\t\t\t\t\t\t<div class=\"elementor-container elementor-column-gap-default\">\n\t\t\t\t\t<div class=\"elementor-column elementor-col-100 elementor-top-column elementor-element elementor-element-e5021e9\" data-id=\"e5021e9\" data-element_type=\"column\">\n\t\t\t<div class=\"elementor-widget-wrap elementor-element-populated\">\n\t\t\t\t\t\t\t\t<div class=\"elementor-element elementor-element-0600298 elementor-widget elementor-widget-text-editor\" data-id=\"0600298\" data-element_type=\"widget\" data-widget_type=\"text-editor.default\">\n\t\t\t\t<div class=\"elementor-widget-container\">\n\t\t\t<style>\/*! elementor - v3.5.3 - 28-12-2021 *\/\n.elementor-widget-text-editor.elementor-drop-cap-view-stacked .elementor-drop-cap{background-color:#818a91;color:#fff}.elementor-widget-text-editor.elementor-drop-cap-view-framed .elementor-drop-cap{color:#818a91;border:3px solid;background-color:transparent}.elementor-widget-text-editor:not(.elementor-drop-cap-view-default) .elementor-drop-cap{margin-top:8px}.elementor-widget-text-editor:not(.elementor-drop-cap-view-default) .elementor-drop-cap-letter{width:1em;height:1em}.elementor-widget-text-editor .elementor-drop-cap{float:left;text-align:center;line-height:1;font-size:50px}.elementor-widget-text-editor .elementor-drop-cap-letter{display:inline-block}<\/style>\t\t\t\t<p>Nous donnons la possibilit\u00e9 \u00e0 chaque copropri\u00e9taire d\u2019avoir acc\u00e8s \u00e0 sa copropri\u00e9t\u00e9 en ligne par le biais d\u2019une plateforme virtuelle. Ce service est enti\u00e8rement GRATUIT pour nos clients et est accessible via le bouton ci-dessous :<\/p>\t\t\t\t\t\t<\/div>\n\t\t\t\t<\/div>\n\t\t\t\t\t<\/div>\n\t\t<\/div>\n\t\t\t\t\t\t\t<\/div>\n\t\t<\/section>\n\t\t\t\t<section class=\"elementor-section elementor-top-section elementor-element elementor-element-1a969a06 elementor-section-boxed elementor-section-height-default elementor-section-height-default\" data-id=\"1a969a06\" data-element_type=\"section\">\n\t\t\t\t\t\t<div class=\"elementor-container elementor-column-gap-default\">\n\t\t\t\t\t<div class=\"elementor-column elementor-col-100 elementor-top-column elementor-element elementor-element-348f1f5a\" data-id=\"348f1f5a\" data-element_type=\"column\">\n\t\t\t<div class=\"elementor-widget-wrap elementor-element-populated\">\n\t\t\t\t\t\t\t\t<div class=\"elementor-element elementor-element-50354c2 elementor-button-success elementor-align-center elementor-widget elementor-widget-button\" data-id=\"50354c2\" data-element_type=\"widget\" data-widget_type=\"button.default\">\n\t\t\t\t<div class=\"elementor-widget-container\">\n\t\t\t\t\t<div class=\"elementor-button-wrapper\">\n\t\t\t<a href=\"https:\/\/benjamin3621.optipro-delta.be\" target=\"_blank\" class=\"elementor-button-link elementor-button elementor-size-md\" role=\"button\">\n\t\t\t\t\t\t<span class=\"elementor-button-content-wrapper\">\n\t\t\t\t\t\t<span class=\"elementor-button-text\">My syndic <\/span>\n\t\t<\/span>\n\t\t\t\t\t<\/a>\n\t\t<\/div>\n\t\t\t\t<\/div>\n\t\t\t\t<\/div>\n\t\t\t\t<div class=\"elementor-element elementor-element-2e511c70 elementor-widget elementor-widget-text-editor\" data-id=\"2e511c70\" data-element_type=\"widget\" data-widget_type=\"text-editor.default\">\n\t\t\t\t<div class=\"elementor-widget-container\">\n\t\t\t\t\t\t\t<p><br><\/p>\n<p>Cet acc\u00e8s vous permet de consulter les documents suivants :<br>Votre situation financi\u00e8re en temps r\u00e9el<br>Le d\u00e9compte annuel<br>Le proc\u00e8s-verbal de l&rsquo;assembl\u00e9e g\u00e9n\u00e9rale<br>Le r\u00e8glement d&rsquo;ordre int\u00e9rieur<\/p>\n<p>Ces documents sont disponibles \u00e0 tout moment et  partout dans le monde.  Cet espace est, bien entendu, s\u00e9curis\u00e9 puisque chaque client re\u00e7oit un identifiant et un mot de passe personnalis\u00e9.<\/p>\t\t\t\t\t\t<\/div>\n\t\t\t\t<\/div>\n\t\t\t\t\t<\/div>\n\t\t<\/div>\n\t\t\t\t\t\t\t<\/div>\n\t\t<\/section>\n\t\t\t\t\t\t<\/div>\n\t\t\t\t\t<\/div>\n\t\t","protected":false},"excerpt":{"rendered":"<p>Nous donnons la possibilit\u00e9 \u00e0 chaque copropri\u00e9taire d\u2019avoir acc\u00e8s \u00e0 sa copropri\u00e9t\u00e9 en ligne par le biais d\u2019une plateforme virtuelle. Ce service est enti\u00e8rement GRATUIT pour nos clients et est accessible via le bouton ci-dessous : My syndic Cet acc\u00e8s vous permet de consulter les documents suivants :Votre situation financi\u00e8re en temps r\u00e9elLe d\u00e9compte annuelLe [&hellip;]<\/p>\n","protected":false},"author":1,"featured_media":0,"parent":0,"menu_order":0,"comment_status":"closed","ping_status":"closed","template":"","meta":[],"yoast_head":"<!-- This site is optimized with the Yoast SEO plugin v17.9 - https:\/\/yoast.com\/wordpress\/plugins\/seo\/ -->\n<title>My Syndic | Twins-Syndic<\/title>\n<meta name=\"description\" content=\"Twins-Syndic vous accompagne dans la gestion de votre copropri\u00e9t\u00e9. N&#039;h\u00e9sitez pas \u00e0 nous contacter : tel : 0488\/51.60.08 Mail : info@twins-syndic.com\" \/>\n<meta name=\"robots\" content=\"index, follow, max-snippet:-1, max-image-preview:large, max-video-preview:-1\" \/>\n<link rel=\"canonical\" href=\"https:\/\/www.twins-syndic.com\/index.php\/my-syndic\/\" \/>\n<meta property=\"og:locale\" content=\"fr_FR\" \/>\n<meta property=\"og:type\" content=\"article\" \/>\n<meta property=\"og:title\" content=\"My Syndic | Twins-Syndic\" \/>\n<meta property=\"og:description\" content=\"Twins-Syndic vous accompagne dans la gestion de votre copropri\u00e9t\u00e9. N&#039;h\u00e9sitez pas \u00e0 nous contacter : tel : 0488\/51.60.08 Mail : info@twins-syndic.com\" \/>\n<meta property=\"og:url\" content=\"https:\/\/www.twins-syndic.com\/index.php\/my-syndic\/\" \/>\n<meta property=\"og:site_name\" content=\"Twins-Syndic\" \/>\n<meta property=\"article:modified_time\" content=\"2023-09-03T12:24:07+00:00\" \/>\n<meta name=\"twitter:card\" content=\"summary_large_image\" \/>\n<meta name=\"twitter:label1\" content=\"Dur\u00e9e de lecture estim\u00e9e\" \/>\n\t<meta name=\"twitter:data1\" content=\"1 minute\" \/>\n<script type=\"application\/ld+json\" class=\"yoast-schema-graph\">{\"@context\":\"https:\/\/schema.org\",\"@graph\":[{\"@type\":[\"Person\",\"Organization\"],\"@id\":\"https:\/\/www.twins-syndic.com\/#\/schema\/person\/94769ee675cad29bc4ec602bbb5e3934\",\"name\":\"admin4833\",\"image\":{\"@type\":\"ImageObject\",\"@id\":\"https:\/\/www.twins-syndic.com\/#personlogo\",\"inLanguage\":\"fr-FR\",\"url\":\"https:\/\/www.twins-syndic.com\/wp-content\/uploads\/2022\/01\/cropped-logo-syndic-bon-format-2-1.png\",\"contentUrl\":\"https:\/\/www.twins-syndic.com\/wp-content\/uploads\/2022\/01\/cropped-logo-syndic-bon-format-2-1.png\",\"width\":216,\"height\":161,\"caption\":\"admin4833\"},\"logo\":{\"@id\":\"https:\/\/www.twins-syndic.com\/#personlogo\"},\"sameAs\":[\"http:\/\/www.twins-syndic.com\"]},{\"@type\":\"WebSite\",\"@id\":\"https:\/\/www.twins-syndic.com\/#website\",\"url\":\"https:\/\/www.twins-syndic.com\/\",\"name\":\"Twins-Syndic\",\"description\":\"&quot;Nous g\\u00e9rons votre immeuble de A \\u00e0 Z&quot;\",\"publisher\":{\"@id\":\"https:\/\/www.twins-syndic.com\/#\/schema\/person\/94769ee675cad29bc4ec602bbb5e3934\"},\"potentialAction\":[{\"@type\":\"SearchAction\",\"target\":{\"@type\":\"EntryPoint\",\"urlTemplate\":\"https:\/\/www.twins-syndic.com\/?s={search_term_string}\"},\"query-input\":\"required name=search_term_string\"}],\"inLanguage\":\"fr-FR\"},{\"@type\":\"WebPage\",\"@id\":\"https:\/\/www.twins-syndic.com\/index.php\/my-syndic\/#webpage\",\"url\":\"https:\/\/www.twins-syndic.com\/index.php\/my-syndic\/\",\"name\":\"My Syndic | Twins-Syndic\",\"isPartOf\":{\"@id\":\"https:\/\/www.twins-syndic.com\/#website\"},\"datePublished\":\"2022-01-08T14:55:29+00:00\",\"dateModified\":\"2023-09-03T12:24:07+00:00\",\"description\":\"Twins-Syndic vous accompagne dans la gestion de votre copropri\\u00e9t\\u00e9. N'h\\u00e9sitez pas \\u00e0 nous contacter : tel : 0488\/51.60.08 Mail : info@twins-syndic.com\",\"breadcrumb\":{\"@id\":\"https:\/\/www.twins-syndic.com\/index.php\/my-syndic\/#breadcrumb\"},\"inLanguage\":\"fr-FR\",\"potentialAction\":[{\"@type\":\"ReadAction\",\"target\":[\"https:\/\/www.twins-syndic.com\/index.php\/my-syndic\/\"]}]},{\"@type\":\"BreadcrumbList\",\"@id\":\"https:\/\/www.twins-syndic.com\/index.php\/my-syndic\/#breadcrumb\",\"itemListElement\":[{\"@type\":\"ListItem\",\"position\":1,\"name\":\"Accueil\",\"item\":\"https:\/\/www.twins-syndic.com\/\"},{\"@type\":\"ListItem\",\"position\":2,\"name\":\"My Syndic\"}]}]}<\/script>\n<!-- \/ Yoast SEO plugin. -->","yoast_head_json":{"title":"My Syndic | Twins-Syndic","description":"Twins-Syndic vous accompagne dans la gestion de votre copropri\u00e9t\u00e9. N'h\u00e9sitez pas \u00e0 nous contacter : tel : 0488\/51.60.08 Mail : info@twins-syndic.com","robots":{"index":"index","follow":"follow","max-snippet":"max-snippet:-1","max-image-preview":"max-image-preview:large","max-video-preview":"max-video-preview:-1"},"canonical":"https:\/\/www.twins-syndic.com\/index.php\/my-syndic\/","og_locale":"fr_FR","og_type":"article","og_title":"My Syndic | Twins-Syndic","og_description":"Twins-Syndic vous accompagne dans la gestion de votre copropri\u00e9t\u00e9. N'h\u00e9sitez pas \u00e0 nous contacter : tel : 0488\/51.60.08 Mail : info@twins-syndic.com","og_url":"https:\/\/www.twins-syndic.com\/index.php\/my-syndic\/","og_site_name":"Twins-Syndic","article_modified_time":"2023-09-03T12:24:07+00:00","twitter_card":"summary_large_image","twitter_misc":{"Dur\u00e9e de lecture estim\u00e9e":"1 minute"},"schema":{"@context":"https:\/\/schema.org","@graph":[{"@type":["Person","Organization"],"@id":"https:\/\/www.twins-syndic.com\/#\/schema\/person\/94769ee675cad29bc4ec602bbb5e3934","name":"admin4833","image":{"@type":"ImageObject","@id":"https:\/\/www.twins-syndic.com\/#personlogo","inLanguage":"fr-FR","url":"https:\/\/www.twins-syndic.com\/wp-content\/uploads\/2022\/01\/cropped-logo-syndic-bon-format-2-1.png","contentUrl":"https:\/\/www.twins-syndic.com\/wp-content\/uploads\/2022\/01\/cropped-logo-syndic-bon-format-2-1.png","width":216,"height":161,"caption":"admin4833"},"logo":{"@id":"https:\/\/www.twins-syndic.com\/#personlogo"},"sameAs":["http:\/\/www.twins-syndic.com"]},{"@type":"WebSite","@id":"https:\/\/www.twins-syndic.com\/#website","url":"https:\/\/www.twins-syndic.com\/","name":"Twins-Syndic","description":"&quot;Nous g\u00e9rons votre immeuble de A \u00e0 Z&quot;","publisher":{"@id":"https:\/\/www.twins-syndic.com\/#\/schema\/person\/94769ee675cad29bc4ec602bbb5e3934"},"potentialAction":[{"@type":"SearchAction","target":{"@type":"EntryPoint","urlTemplate":"https:\/\/www.twins-syndic.com\/?s={search_term_string}"},"query-input":"required name=search_term_string"}],"inLanguage":"fr-FR"},{"@type":"WebPage","@id":"https:\/\/www.twins-syndic.com\/index.php\/my-syndic\/#webpage","url":"https:\/\/www.twins-syndic.com\/index.php\/my-syndic\/","name":"My Syndic | Twins-Syndic","isPartOf":{"@id":"https:\/\/www.twins-syndic.com\/#website"},"datePublished":"2022-01-08T14:55:29+00:00","dateModified":"2023-09-03T12:24:07+00:00","description":"Twins-Syndic vous accompagne dans la gestion de votre copropri\u00e9t\u00e9. N'h\u00e9sitez pas \u00e0 nous contacter : tel : 0488\/51.60.08 Mail : info@twins-syndic.com","breadcrumb":{"@id":"https:\/\/www.twins-syndic.com\/index.php\/my-syndic\/#breadcrumb"},"inLanguage":"fr-FR","potentialAction":[{"@type":"ReadAction","target":["https:\/\/www.twins-syndic.com\/index.php\/my-syndic\/"]}]},{"@type":"BreadcrumbList","@id":"https:\/\/www.twins-syndic.com\/index.php\/my-syndic\/#breadcrumb","itemListElement":[{"@type":"ListItem","position":1,"name":"Accueil","item":"https:\/\/www.twins-syndic.com\/"},{"@type":"ListItem","position":2,"name":"My Syndic"}]}]}},"_links":{"self":[{"href":"https:\/\/www.twins-syndic.com\/index.php\/wp-json\/wp\/v2\/pages\/63"}],"collection":[{"href":"https:\/\/www.twins-syndic.com\/index.php\/wp-json\/wp\/v2\/pages"}],"about":[{"href":"https:\/\/www.twins-syndic.com\/index.php\/wp-json\/wp\/v2\/types\/page"}],"author":[{"embeddable":true,"href":"https:\/\/www.twins-syndic.com\/index.php\/wp-json\/wp\/v2\/users\/1"}],"replies":[{"embeddable":true,"href":"https:\/\/www.twins-syndic.com\/index.php\/wp-json\/wp\/v2\/comments?post=63"}],"version-history":[{"count":20,"href":"https:\/\/www.twins-syndic.com\/index.php\/wp-json\/wp\/v2\/pages\/63\/revisions"}],"predecessor-version":[{"id":719,"href":"https:\/\/www.twins-syndic.com\/index.php\/wp-json\/wp\/v2\/pages\/63\/revisions\/719"}],"wp:attachment":[{"href":"https:\/\/www.twins-syndic.com\/index.php\/wp-json\/wp\/v2\/media?parent=63"}],"curies":[{"name":"wp","href":"https:\/\/api.w.org\/{rel}","templated":true}]}}