{"id":61,"date":"2022-01-08T15:55:29","date_gmt":"2022-01-08T14:55:29","guid":{"rendered":"http:\/\/www.twins-syndic.com\/?page_id=61"},"modified":"2023-07-16T13:15:53","modified_gmt":"2023-07-16T11:15:53","slug":"infos-utiles","status":"publish","type":"page","link":"https:\/\/www.twins-syndic.com\/index.php\/infos-utiles\/","title":{"rendered":"Infos utiles"},"content":{"rendered":"\n<p class=\"has-text-align-center\">Vous trouverez ci-dessous diff\u00e9rents liens utiles \u00e0 la bonne gestion de votre copropri\u00e9t\u00e9. Twins-Syndic vous accompagne dans la gestion de votre copropri\u00e9t\u00e9 tout en restant \u00e0 votre enti\u00e8re disposition pour toutes questions ou informations suppl\u00e9mentaires.<\/p>\n\n\n\n<p><\/p>\n\n\n\n<figure class=\"wp-block-image\"><img alt=\"\"\/><\/figure>\n\n\n\n<p><\/p>\n\n\n\n<p><\/p>\n\n\n\n<p><\/p>\n\n\n\n<ul><li> <a href=\"https:\/\/www.ipi.be\/sites\/default\/files\/download_document\/version_consolidee_loi_copropriete_version_17.08.2020.pdf\">Loi sur la copropri\u00e9t\u00e9 <\/a><\/li><\/ul>\n\n\n\n<ul><li><a href=\"https:\/\/www.ipi.be\/sites\/default\/files\/download_document\/version_consolidee_loi_copropriete_version_17.08.2020.pdf\">Code de d\u00e9ontologie <\/a><\/li><\/ul>\n\n\n\n<ul><li><a href=\"https:\/\/www.ipi.be\/sites\/default\/files\/download_document\/version_consolidee_loi_copropriete_version_17.08.2020.pdf\">Loi sur la copropri\u00e9t\u00e9 <\/a><\/li><\/ul>\n\n\n\n<ul><li><a href=\"https:\/\/www.ista.com\/fileadmin\/twt_customer\/countries\/content\/Belgium\/Downloads\/French\/Brochure_explicative_decompte_ista_BE-FR.pdf\">Explication d\u00e9compte des frais (Ista)<\/a><\/li><\/ul>\n\n\n\n<p><\/p>\n\n\n\n<p><\/p>\n\n\n\n<p><\/p>\n\n\n\n<p><\/p>\n\n\n\n<p>Retrouvez \u00e9galement des informations et conseils en immobilier sur :<\/p>\n\n\n\n<figure class=\"wp-block-image size-full is-resized is-style-default\"><a href=\"https:\/\/www.ipi.be\/\"><img loading=\"lazy\" src=\"https:\/\/www.twins-syndic.com\/wp-content\/uploads\/2022\/01\/ipi-logo.jpg\" alt=\"\" class=\"wp-image-240\" width=\"153\" height=\"153\" srcset=\"https:\/\/www.twins-syndic.com\/wp-content\/uploads\/2022\/01\/ipi-logo.jpg 300w, https:\/\/www.twins-syndic.com\/wp-content\/uploads\/2022\/01\/ipi-logo-150x150.jpg 150w\" sizes=\"(max-width: 153px) 100vw, 153px\" \/><\/a><\/figure>\n\n\n\n<figure class=\"wp-block-image size-full is-resized\"><a href=\"https:\/\/economie.fgov.be\/fr\"><img loading=\"lazy\" src=\"https:\/\/www.twins-syndic.com\/wp-content\/uploads\/2022\/01\/telechargement-1.png\" alt=\"\" class=\"wp-image-242\" width=\"160\" height=\"160\" srcset=\"https:\/\/www.twins-syndic.com\/wp-content\/uploads\/2022\/01\/telechargement-1.png 225w, https:\/\/www.twins-syndic.com\/wp-content\/uploads\/2022\/01\/telechargement-1-150x150.png 150w\" sizes=\"(max-width: 160px) 100vw, 160px\" \/><\/a><\/figure>\n\n\n\n<figure class=\"wp-block-image size-full is-resized\"><a href=\"https:\/\/www.notaire.be\/\"><img loading=\"lazy\" src=\"https:\/\/www.twins-syndic.com\/wp-content\/uploads\/2022\/01\/telechargement-3.png\" alt=\"\" class=\"wp-image-243\" width=\"225\" height=\"118\" srcset=\"https:\/\/www.twins-syndic.com\/wp-content\/uploads\/2022\/01\/telechargement-3.png 310w, https:\/\/www.twins-syndic.com\/wp-content\/uploads\/2022\/01\/telechargement-3-300x158.png 300w\" sizes=\"(max-width: 225px) 100vw, 225px\" \/><\/a><\/figure>\n\n\n\n<p><\/p>\n\n\n\n<p><\/p>\n\n\n\n<p><\/p>\n\n\n\n<p><\/p>\n\n\n\n<p>N&rsquo;h\u00e9sitez pas \u00e0 nous <a href=\"mailto:info@twins-syndic.com\">contacter<\/a>, nous nous ferons un plaisir de vous r\u00e9pondre dans les plus brefs d\u00e9lais.<\/p>\n","protected":false},"excerpt":{"rendered":"<p>Vous trouverez ci-dessous diff\u00e9rents liens utiles \u00e0 la bonne gestion de votre copropri\u00e9t\u00e9. Twins-Syndic vous accompagne dans la gestion de votre copropri\u00e9t\u00e9 tout en restant \u00e0 votre enti\u00e8re disposition pour toutes questions ou informations suppl\u00e9mentaires. Loi sur la copropri\u00e9t\u00e9 Code de d\u00e9ontologie Loi sur la copropri\u00e9t\u00e9 Explication d\u00e9compte des frais (Ista) Retrouvez \u00e9galement des informations [&hellip;]<\/p>\n","protected":false},"author":1,"featured_media":0,"parent":0,"menu_order":0,"comment_status":"closed","ping_status":"closed","template":"","meta":[],"yoast_head":"<!-- This site is optimized with the Yoast SEO plugin v17.9 - https:\/\/yoast.com\/wordpress\/plugins\/seo\/ -->\n<title>Infos utiles | Twins-Syndic<\/title>\n<meta name=\"description\" content=\"Twins-Syndic vous accompagne dans la gestion de votre copropri\u00e9t\u00e9. N&#039;h\u00e9sitez pas \u00e0 nous contacter : tel : 0488\/51.60.08 Mail : info@twins-syndic.com\" \/>\n<meta name=\"robots\" content=\"index, follow, max-snippet:-1, max-image-preview:large, max-video-preview:-1\" \/>\n<link rel=\"canonical\" href=\"https:\/\/www.twins-syndic.com\/index.php\/infos-utiles\/\" \/>\n<meta property=\"og:locale\" content=\"fr_FR\" \/>\n<meta property=\"og:type\" content=\"article\" \/>\n<meta property=\"og:title\" content=\"Infos utiles | Twins-Syndic\" \/>\n<meta property=\"og:description\" content=\"Twins-Syndic vous accompagne dans la gestion de votre copropri\u00e9t\u00e9. N&#039;h\u00e9sitez pas \u00e0 nous contacter : tel : 0488\/51.60.08 Mail : info@twins-syndic.com\" \/>\n<meta property=\"og:url\" content=\"https:\/\/www.twins-syndic.com\/index.php\/infos-utiles\/\" \/>\n<meta property=\"og:site_name\" content=\"Twins-Syndic\" \/>\n<meta property=\"article:modified_time\" content=\"2023-07-16T11:15:53+00:00\" \/>\n<meta property=\"og:image\" content=\"https:\/\/www.twins-syndic.com\/wp-content\/uploads\/2022\/01\/ipi-logo.jpg\" \/>\n<meta name=\"twitter:card\" content=\"summary_large_image\" \/>\n<meta name=\"twitter:label1\" content=\"Dur\u00e9e de lecture estim\u00e9e\" \/>\n\t<meta name=\"twitter:data1\" content=\"2 minutes\" \/>\n<script type=\"application\/ld+json\" class=\"yoast-schema-graph\">{\"@context\":\"https:\/\/schema.org\",\"@graph\":[{\"@type\":[\"Person\",\"Organization\"],\"@id\":\"https:\/\/www.twins-syndic.com\/#\/schema\/person\/94769ee675cad29bc4ec602bbb5e3934\",\"name\":\"admin4833\",\"image\":{\"@type\":\"ImageObject\",\"@id\":\"https:\/\/www.twins-syndic.com\/#personlogo\",\"inLanguage\":\"fr-FR\",\"url\":\"https:\/\/www.twins-syndic.com\/wp-content\/uploads\/2022\/01\/cropped-logo-syndic-bon-format-2-1.png\",\"contentUrl\":\"https:\/\/www.twins-syndic.com\/wp-content\/uploads\/2022\/01\/cropped-logo-syndic-bon-format-2-1.png\",\"width\":216,\"height\":161,\"caption\":\"admin4833\"},\"logo\":{\"@id\":\"https:\/\/www.twins-syndic.com\/#personlogo\"},\"sameAs\":[\"http:\/\/www.twins-syndic.com\"]},{\"@type\":\"WebSite\",\"@id\":\"https:\/\/www.twins-syndic.com\/#website\",\"url\":\"https:\/\/www.twins-syndic.com\/\",\"name\":\"Twins-Syndic\",\"description\":\"&quot;Nous g\\u00e9rons votre immeuble de A \\u00e0 Z&quot;\",\"publisher\":{\"@id\":\"https:\/\/www.twins-syndic.com\/#\/schema\/person\/94769ee675cad29bc4ec602bbb5e3934\"},\"potentialAction\":[{\"@type\":\"SearchAction\",\"target\":{\"@type\":\"EntryPoint\",\"urlTemplate\":\"https:\/\/www.twins-syndic.com\/?s={search_term_string}\"},\"query-input\":\"required name=search_term_string\"}],\"inLanguage\":\"fr-FR\"},{\"@type\":\"ImageObject\",\"@id\":\"https:\/\/www.twins-syndic.com\/index.php\/infos-utiles\/#primaryimage\",\"inLanguage\":\"fr-FR\",\"url\":\"https:\/\/www.twins-syndic.com\/wp-content\/uploads\/2022\/01\/ipi-logo.jpg\",\"contentUrl\":\"https:\/\/www.twins-syndic.com\/wp-content\/uploads\/2022\/01\/ipi-logo.jpg\",\"width\":300,\"height\":300},{\"@type\":\"WebPage\",\"@id\":\"https:\/\/www.twins-syndic.com\/index.php\/infos-utiles\/#webpage\",\"url\":\"https:\/\/www.twins-syndic.com\/index.php\/infos-utiles\/\",\"name\":\"Infos utiles | Twins-Syndic\",\"isPartOf\":{\"@id\":\"https:\/\/www.twins-syndic.com\/#website\"},\"primaryImageOfPage\":{\"@id\":\"https:\/\/www.twins-syndic.com\/index.php\/infos-utiles\/#primaryimage\"},\"datePublished\":\"2022-01-08T14:55:29+00:00\",\"dateModified\":\"2023-07-16T11:15:53+00:00\",\"description\":\"Twins-Syndic vous accompagne dans la gestion de votre copropri\\u00e9t\\u00e9. N'h\\u00e9sitez pas \\u00e0 nous contacter : tel : 0488\/51.60.08 Mail : info@twins-syndic.com\",\"breadcrumb\":{\"@id\":\"https:\/\/www.twins-syndic.com\/index.php\/infos-utiles\/#breadcrumb\"},\"inLanguage\":\"fr-FR\",\"potentialAction\":[{\"@type\":\"ReadAction\",\"target\":[\"https:\/\/www.twins-syndic.com\/index.php\/infos-utiles\/\"]}]},{\"@type\":\"BreadcrumbList\",\"@id\":\"https:\/\/www.twins-syndic.com\/index.php\/infos-utiles\/#breadcrumb\",\"itemListElement\":[{\"@type\":\"ListItem\",\"position\":1,\"name\":\"Accueil\",\"item\":\"https:\/\/www.twins-syndic.com\/\"},{\"@type\":\"ListItem\",\"position\":2,\"name\":\"Infos utiles\"}]}]}<\/script>\n<!-- \/ Yoast SEO plugin. -->","yoast_head_json":{"title":"Infos utiles | Twins-Syndic","description":"Twins-Syndic vous accompagne dans la gestion de votre copropri\u00e9t\u00e9. N'h\u00e9sitez pas \u00e0 nous contacter : tel : 0488\/51.60.08 Mail : info@twins-syndic.com","robots":{"index":"index","follow":"follow","max-snippet":"max-snippet:-1","max-image-preview":"max-image-preview:large","max-video-preview":"max-video-preview:-1"},"canonical":"https:\/\/www.twins-syndic.com\/index.php\/infos-utiles\/","og_locale":"fr_FR","og_type":"article","og_title":"Infos utiles | Twins-Syndic","og_description":"Twins-Syndic vous accompagne dans la gestion de votre copropri\u00e9t\u00e9. N'h\u00e9sitez pas \u00e0 nous contacter : tel : 0488\/51.60.08 Mail : info@twins-syndic.com","og_url":"https:\/\/www.twins-syndic.com\/index.php\/infos-utiles\/","og_site_name":"Twins-Syndic","article_modified_time":"2023-07-16T11:15:53+00:00","og_image":[{"url":"https:\/\/www.twins-syndic.com\/wp-content\/uploads\/2022\/01\/ipi-logo.jpg"}],"twitter_card":"summary_large_image","twitter_misc":{"Dur\u00e9e de lecture estim\u00e9e":"2 minutes"},"schema":{"@context":"https:\/\/schema.org","@graph":[{"@type":["Person","Organization"],"@id":"https:\/\/www.twins-syndic.com\/#\/schema\/person\/94769ee675cad29bc4ec602bbb5e3934","name":"admin4833","image":{"@type":"ImageObject","@id":"https:\/\/www.twins-syndic.com\/#personlogo","inLanguage":"fr-FR","url":"https:\/\/www.twins-syndic.com\/wp-content\/uploads\/2022\/01\/cropped-logo-syndic-bon-format-2-1.png","contentUrl":"https:\/\/www.twins-syndic.com\/wp-content\/uploads\/2022\/01\/cropped-logo-syndic-bon-format-2-1.png","width":216,"height":161,"caption":"admin4833"},"logo":{"@id":"https:\/\/www.twins-syndic.com\/#personlogo"},"sameAs":["http:\/\/www.twins-syndic.com"]},{"@type":"WebSite","@id":"https:\/\/www.twins-syndic.com\/#website","url":"https:\/\/www.twins-syndic.com\/","name":"Twins-Syndic","description":"&quot;Nous g\u00e9rons votre immeuble de A \u00e0 Z&quot;","publisher":{"@id":"https:\/\/www.twins-syndic.com\/#\/schema\/person\/94769ee675cad29bc4ec602bbb5e3934"},"potentialAction":[{"@type":"SearchAction","target":{"@type":"EntryPoint","urlTemplate":"https:\/\/www.twins-syndic.com\/?s={search_term_string}"},"query-input":"required name=search_term_string"}],"inLanguage":"fr-FR"},{"@type":"ImageObject","@id":"https:\/\/www.twins-syndic.com\/index.php\/infos-utiles\/#primaryimage","inLanguage":"fr-FR","url":"https:\/\/www.twins-syndic.com\/wp-content\/uploads\/2022\/01\/ipi-logo.jpg","contentUrl":"https:\/\/www.twins-syndic.com\/wp-content\/uploads\/2022\/01\/ipi-logo.jpg","width":300,"height":300},{"@type":"WebPage","@id":"https:\/\/www.twins-syndic.com\/index.php\/infos-utiles\/#webpage","url":"https:\/\/www.twins-syndic.com\/index.php\/infos-utiles\/","name":"Infos utiles | Twins-Syndic","isPartOf":{"@id":"https:\/\/www.twins-syndic.com\/#website"},"primaryImageOfPage":{"@id":"https:\/\/www.twins-syndic.com\/index.php\/infos-utiles\/#primaryimage"},"datePublished":"2022-01-08T14:55:29+00:00","dateModified":"2023-07-16T11:15:53+00:00","description":"Twins-Syndic vous accompagne dans la gestion de votre copropri\u00e9t\u00e9. N'h\u00e9sitez pas \u00e0 nous contacter : tel : 0488\/51.60.08 Mail : info@twins-syndic.com","breadcrumb":{"@id":"https:\/\/www.twins-syndic.com\/index.php\/infos-utiles\/#breadcrumb"},"inLanguage":"fr-FR","potentialAction":[{"@type":"ReadAction","target":["https:\/\/www.twins-syndic.com\/index.php\/infos-utiles\/"]}]},{"@type":"BreadcrumbList","@id":"https:\/\/www.twins-syndic.com\/index.php\/infos-utiles\/#breadcrumb","itemListElement":[{"@type":"ListItem","position":1,"name":"Accueil","item":"https:\/\/www.twins-syndic.com\/"},{"@type":"ListItem","position":2,"name":"Infos utiles"}]}]}},"_links":{"self":[{"href":"https:\/\/www.twins-syndic.com\/index.php\/wp-json\/wp\/v2\/pages\/61"}],"collection":[{"href":"https:\/\/www.twins-syndic.com\/index.php\/wp-json\/wp\/v2\/pages"}],"about":[{"href":"https:\/\/www.twins-syndic.com\/index.php\/wp-json\/wp\/v2\/types\/page"}],"author":[{"embeddable":true,"href":"https:\/\/www.twins-syndic.com\/index.php\/wp-json\/wp\/v2\/users\/1"}],"replies":[{"embeddable":true,"href":"https:\/\/www.twins-syndic.com\/index.php\/wp-json\/wp\/v2\/comments?post=61"}],"version-history":[{"count":12,"href":"https:\/\/www.twins-syndic.com\/index.php\/wp-json\/wp\/v2\/pages\/61\/revisions"}],"predecessor-version":[{"id":301,"href":"https:\/\/www.twins-syndic.com\/index.php\/wp-json\/wp\/v2\/pages\/61\/revisions\/301"}],"wp:attachment":[{"href":"https:\/\/www.twins-syndic.com\/index.php\/wp-json\/wp\/v2\/media?parent=61"}],"curies":[{"name":"wp","href":"https:\/\/api.w.org\/{rel}","templated":true}]}}