{"id":219,"date":"2022-01-16T13:42:51","date_gmt":"2022-01-16T12:42:51","guid":{"rendered":"https:\/\/www.twins-syndic.com\/?page_id=219"},"modified":"2022-05-09T11:19:07","modified_gmt":"2022-05-09T09:19:07","slug":"qui-sommes-nous","status":"publish","type":"page","link":"https:\/\/www.twins-syndic.com\/index.php\/qui-sommes-nous\/","title":{"rendered":"Qui sommes-nous ?"},"content":{"rendered":"\t\t<div data-elementor-type=\"wp-page\" data-elementor-id=\"219\" class=\"elementor elementor-219\" data-elementor-settings=\"[]\">\n\t\t\t\t\t\t\t<div class=\"elementor-section-wrap\">\n\t\t\t\t\t\t\t<section class=\"elementor-section elementor-top-section elementor-element elementor-element-59c0aa8b elementor-section-boxed elementor-section-height-default elementor-section-height-default\" data-id=\"59c0aa8b\" data-element_type=\"section\">\n\t\t\t\t\t\t<div class=\"elementor-container elementor-column-gap-default\">\n\t\t\t\t\t<div class=\"elementor-column elementor-col-100 elementor-top-column elementor-element elementor-element-5f987a23\" data-id=\"5f987a23\" data-element_type=\"column\">\n\t\t\t<div class=\"elementor-widget-wrap elementor-element-populated\">\n\t\t\t\t\t\t\t\t<div class=\"elementor-element elementor-element-6fae6629 elementor-widget elementor-widget-text-editor\" data-id=\"6fae6629\" data-element_type=\"widget\" data-widget_type=\"text-editor.default\">\n\t\t\t\t<div class=\"elementor-widget-container\">\n\t\t\t<style>\/*! elementor - v3.5.3 - 28-12-2021 *\/\n.elementor-widget-text-editor.elementor-drop-cap-view-stacked .elementor-drop-cap{background-color:#818a91;color:#fff}.elementor-widget-text-editor.elementor-drop-cap-view-framed .elementor-drop-cap{color:#818a91;border:3px solid;background-color:transparent}.elementor-widget-text-editor:not(.elementor-drop-cap-view-default) .elementor-drop-cap{margin-top:8px}.elementor-widget-text-editor:not(.elementor-drop-cap-view-default) .elementor-drop-cap-letter{width:1em;height:1em}.elementor-widget-text-editor .elementor-drop-cap{float:left;text-align:center;line-height:1;font-size:50px}.elementor-widget-text-editor .elementor-drop-cap-letter{display:inline-block}<\/style>\t\t\t\t<!-- wp:heading {\"textAlign\":\"center\"} -->\n<h2 class=\"has-text-align-center\"><em>Twins-Syndic \u00e0 l&rsquo;\u00e9coute des copropri\u00e9taires<\/em><\/h2>\n<!-- \/wp:heading -->\n\n<!-- wp:quote -->\n<blockquote class=\"wp-block-quote\"><p>Twins-Syndic, \u00e9quipe professionnelle et dynamique vous accompagne dans la gestion de vos immeubles. Principalement implant\u00e9 \u00e0 Li\u00e8ge et Waremme nous sommes \u00e9galement pr\u00e9sent dans toute la Wallonie. Nous vous aidons dans vos choix et nous vous offrons un service de qualit\u00e9 adapt\u00e9 \u00e0 vos besoins .<\/p><p> Chez nous, vous n&rsquo;avez qu&rsquo;un seul interlocuteur qui ma\u00eetrise l&rsquo;ensemble des dossiers. Notre structure permet de privil\u00e9gier les contacts humains afin que la vie en copropri\u00e9t\u00e9 soit harmonieuse et ce , dans le respect du bien-\u00eatre de chacun. <\/p><p>Nous n&rsquo;avons qu&rsquo;une seule activit\u00e9 principale : la gestion d&rsquo;immeubles. Ce qui nous permet de nous consacrer \u00e0 100%  \u00e0 la gestion de votre copropri\u00e9t\u00e9. <\/p><p>Le co\u00fbt de la vie est en augmentation constante et les d\u00e9penses li\u00e9e aux copropri\u00e9t\u00e9s n&rsquo;y \u00e9chappent pas  \u00e9galement. Notre volont\u00e9 est de vous apporter notre assistance au meilleur prix  de fa\u00e7on \u00e0 vous permettre de stabiliser au mieux le montant de vos charges. <\/p><\/blockquote>\n<!-- \/wp:quote -->\n\n<!-- wp:media-text {\"mediaId\":278,\"mediaType\":\"image\",\"mediaWidth\":23} -->\n<div class=\"wp-block-media-text alignwide is-stacked-on-mobile\" style=\"grid-template-columns:23% auto\"><figure class=\"wp-block-media-text__media\"><img loading=\"lazy\" width=\"183\" height=\"189\" src=\"https:\/\/www.twins-syndic.com\/wp-content\/uploads\/2022\/01\/Sans-titre-3.png\" alt=\"\" class=\"wp-image-278 size-full\"\/><\/figure><div class=\"wp-block-media-text__content\"><!-- wp:paragraph {\"placeholder\":\"Contenu\u2026\",\"fontSize\":\"large\"} -->\n<p class=\"has-large-font-size\"><\/p>\n<!-- \/wp:paragraph -->\n\n<!-- wp:paragraph {\"fontSize\":\"medium\"} -->\n<p class=\"has-medium-font-size\"><strong><em>Nos valeurs <\/em><\/strong><\/p>\n<!-- \/wp:paragraph -->\n\n<!-- wp:paragraph -->\n<p>Professionnalisme,rigueur,proximit\u00e9 et rapidit\u00e9 sont nos atouts majeurs dans la gestion de votre copropri\u00e9t\u00e9.<\/p>\n<!-- \/wp:paragraph -->\n\n<!-- wp:paragraph {\"fontSize\":\"medium\"} -->\n<p class=\"has-medium-font-size\"><strong><em>Nos atouts<\/em><\/strong><\/p>\n<!-- \/wp:paragraph -->\n\n<!-- wp:list {\"textColor\":\"white\"} -->\n<ul class=\"has-white-color has-text-color\"><li><strong>Suivi complet  de votre dossier de copropri\u00e9t\u00e9  par le gestionnaire <\/strong><\/li><\/ul>\n<!-- \/wp:list -->\n\n<!-- wp:paragraph -->\n<p>Chez nous, vous n&rsquo;avez qu&rsquo;un seul interlocuteur qui ma\u00eetrise l&rsquo;ensemble des dossiers.<\/p>\n<!-- \/wp:paragraph -->\n\n<!-- wp:list {\"textColor\":\"white\"} -->\n<ul class=\"has-white-color has-text-color\"><li><strong>Gestionnaire joignable directement <\/strong><\/li><\/ul>\n<!-- \/wp:list -->\n\n<!-- wp:paragraph -->\n<p>Votre gestionnaire est joignable imm\u00e9diatement par t\u00e9l\u00e9phone m\u00eame en dehors des heures de bureau pour les situations urgentes .<\/p>\n<!-- \/wp:paragraph -->\n\n<!-- wp:list {\"textColor\":\"white\"} -->\n<ul class=\"has-white-color has-text-color\"><li><strong>Gestion compl\u00e8te de la comptabilit\u00e9<\/strong><\/li><\/ul>\n<!-- \/wp:list -->\n\n<!-- wp:paragraph -->\n<p>Nous utilisons un logiciel pointu pour une gestion optimal de votre comptabilit\u00e9 .<\/p>\n<!-- \/wp:paragraph -->\n\n<!-- wp:list {\"textColor\":\"white\"} -->\n<ul class=\"has-white-color has-text-color\"><li><strong>Mandat de 1 an renouvelable lors de l\u2019assembl\u00e9e g\u00e9n\u00e9rale des copropri\u00e9taires<\/strong><\/li><\/ul>\n<!-- \/wp:list -->\n\n<!-- wp:paragraph -->\n<p><\/p>\n<!-- \/wp:paragraph -->\n\n<!-- wp:list {\"textColor\":\"white\"} -->\n<ul class=\"has-white-color has-text-color\"><li><strong>Visite p\u00e9riodique de la copropri\u00e9t\u00e9<\/strong><\/li><\/ul>\n<!-- \/wp:list -->\n\n<!-- wp:paragraph -->\n<p>Afin d&rsquo;\u00eatre impliqu\u00e9 \u00e0 100% dans la gestion de votre immeuble , nous effectuons r\u00e9guli\u00e8rement des visites de votre copropri\u00e9t\u00e9.<\/p>\n<!-- \/wp:paragraph --><\/div><\/div>\n<!-- \/wp:media-text -->\t\t\t\t\t\t<\/div>\n\t\t\t\t<\/div>\n\t\t\t\t\t<\/div>\n\t\t<\/div>\n\t\t\t\t\t\t\t<\/div>\n\t\t<\/section>\n\t\t\t\t<section class=\"elementor-section elementor-top-section elementor-element elementor-element-f8670e6 elementor-section-boxed elementor-section-height-default elementor-section-height-default\" data-id=\"f8670e6\" data-element_type=\"section\">\n\t\t\t\t\t\t<div class=\"elementor-container elementor-column-gap-default\">\n\t\t\t\t\t<div class=\"elementor-column elementor-col-100 elementor-top-column elementor-element elementor-element-db8b030\" data-id=\"db8b030\" data-element_type=\"column\">\n\t\t\t<div class=\"elementor-widget-wrap elementor-element-populated\">\n\t\t\t\t\t\t\t\t<div class=\"elementor-element elementor-element-d8fee1f elementor-widget elementor-widget-heading\" data-id=\"d8fee1f\" data-element_type=\"widget\" data-widget_type=\"heading.default\">\n\t\t\t\t<div class=\"elementor-widget-container\">\n\t\t\t<style>\/*! elementor - v3.5.3 - 28-12-2021 *\/\n.elementor-heading-title{padding:0;margin:0;line-height:1}.elementor-widget-heading .elementor-heading-title[class*=elementor-size-]>a{color:inherit;font-size:inherit;line-height:inherit}.elementor-widget-heading .elementor-heading-title.elementor-size-small{font-size:15px}.elementor-widget-heading .elementor-heading-title.elementor-size-medium{font-size:19px}.elementor-widget-heading .elementor-heading-title.elementor-size-large{font-size:29px}.elementor-widget-heading .elementor-heading-title.elementor-size-xl{font-size:39px}.elementor-widget-heading .elementor-heading-title.elementor-size-xxl{font-size:59px}<\/style><h2 class=\"elementor-heading-title elementor-size-default\">Petit plus :<\/h2>\t\t<\/div>\n\t\t\t\t<\/div>\n\t\t\t\t\t<\/div>\n\t\t<\/div>\n\t\t\t\t\t\t\t<\/div>\n\t\t<\/section>\n\t\t\t\t<section class=\"elementor-section elementor-top-section elementor-element elementor-element-2f68e45 elementor-section-boxed elementor-section-height-default elementor-section-height-default\" data-id=\"2f68e45\" data-element_type=\"section\">\n\t\t\t\t\t\t<div class=\"elementor-container elementor-column-gap-default\">\n\t\t\t\t\t<div class=\"elementor-column elementor-col-100 elementor-top-column elementor-element elementor-element-63ea032\" data-id=\"63ea032\" data-element_type=\"column\">\n\t\t\t<div class=\"elementor-widget-wrap elementor-element-populated\">\n\t\t\t\t\t\t\t\t<div class=\"elementor-element elementor-element-0c3c693 elementor-widget elementor-widget-image\" data-id=\"0c3c693\" data-element_type=\"widget\" data-widget_type=\"image.default\">\n\t\t\t\t<div class=\"elementor-widget-container\">\n\t\t\t<style>\/*! elementor - v3.5.3 - 28-12-2021 *\/\n.elementor-widget-image{text-align:center}.elementor-widget-image a{display:inline-block}.elementor-widget-image a img[src$=\".svg\"]{width:48px}.elementor-widget-image img{vertical-align:middle;display:inline-block}<\/style>\t\t\t\t\t\t\t\t\t\t\t\t<img width=\"527\" height=\"407\" src=\"https:\/\/www.twins-syndic.com\/wp-content\/uploads\/2022\/05\/Capture-e1652087009640.png\" class=\"attachment-large size-large\" alt=\"\" loading=\"lazy\" srcset=\"https:\/\/www.twins-syndic.com\/wp-content\/uploads\/2022\/05\/Capture-e1652087009640.png 527w, https:\/\/www.twins-syndic.com\/wp-content\/uploads\/2022\/05\/Capture-e1652087009640-300x232.png 300w\" sizes=\"(max-width: 527px) 100vw, 527px\" \/>\t\t\t\t\t\t\t\t\t\t\t\t\t\t\t<\/div>\n\t\t\t\t<\/div>\n\t\t\t\t\t<\/div>\n\t\t<\/div>\n\t\t\t\t\t\t\t<\/div>\n\t\t<\/section>\n\t\t\t\t<section class=\"elementor-section elementor-top-section elementor-element elementor-element-61c9a81 elementor-section-boxed elementor-section-height-default elementor-section-height-default\" data-id=\"61c9a81\" data-element_type=\"section\">\n\t\t\t\t\t\t<div class=\"elementor-container elementor-column-gap-default\">\n\t\t\t\t\t<div class=\"elementor-column elementor-col-100 elementor-top-column elementor-element elementor-element-8808dda\" data-id=\"8808dda\" data-element_type=\"column\">\n\t\t\t<div class=\"elementor-widget-wrap elementor-element-populated\">\n\t\t\t\t\t\t\t\t<div class=\"elementor-element elementor-element-11483d3 elementor-widget elementor-widget-text-editor\" data-id=\"11483d3\" data-element_type=\"widget\" data-widget_type=\"text-editor.default\">\n\t\t\t\t<div class=\"elementor-widget-container\">\n\t\t\t\t\t\t\t<p>Twins-Syndic , c&rsquo;est avant tout une histoire de famille mais aussi d&rsquo;immobilier .\nComme vous le savez Twins-Syndic et Twins-immo travaillent main dans la main afin de vous offrir un service complet.\nD&rsquo;un cot\u00e9 , Twins-Syndic g\u00e8re vos copropri\u00e9t\u00e9s d&rsquo;une main de maitre  tout en restant \u00e0 l&rsquo;\u00e9coute et \u00e0 disposition de ses clients .\nDe l&rsquo;autre c\u00f4t\u00e9 , Twins-immo qui s&rsquo;occupe de la  vente et la location de vos biens avec passion et rigueur .\nLe but premier des TWINS est de satisfaire au mieux leurs clients que ce soit dans la vente ou le syndic .\nAlors si vous avez besoin d&rsquo;un quelconque service dans l&rsquo;immobilier c&rsquo;est chez les Twins que cela se passe.<\/p>\t\t\t\t\t\t<\/div>\n\t\t\t\t<\/div>\n\t\t\t\t\t<\/div>\n\t\t<\/div>\n\t\t\t\t\t\t\t<\/div>\n\t\t<\/section>\n\t\t\t\t\t\t<\/div>\n\t\t\t\t\t<\/div>\n\t\t","protected":false},"excerpt":{"rendered":"<p>Twins-Syndic \u00e0 l&rsquo;\u00e9coute des copropri\u00e9taires Twins-Syndic, \u00e9quipe professionnelle et dynamique vous accompagne dans la gestion de vos immeubles. Principalement implant\u00e9 \u00e0 Li\u00e8ge et Waremme nous sommes \u00e9galement pr\u00e9sent dans toute la Wallonie. Nous vous aidons dans vos choix et nous vous offrons un service de qualit\u00e9 adapt\u00e9 \u00e0 vos besoins . Chez nous, vous n&rsquo;avez [&hellip;]<\/p>\n","protected":false},"author":1,"featured_media":0,"parent":0,"menu_order":0,"comment_status":"closed","ping_status":"closed","template":"","meta":[],"yoast_head":"<!-- This site is optimized with the Yoast SEO plugin v17.9 - https:\/\/yoast.com\/wordpress\/plugins\/seo\/ -->\n<title>Qui sommes-nous ? | Twins-Syndic<\/title>\n<meta name=\"description\" content=\"Twins-Syndic vous accompagne dans la gestion de votre copropri\u00e9t\u00e9. N&#039;h\u00e9sitez pas \u00e0 nous contacter : tel : 0488\/51.60.08 Mail : info@twins-syndic.com\" \/>\n<meta name=\"robots\" content=\"index, follow, max-snippet:-1, max-image-preview:large, max-video-preview:-1\" \/>\n<link rel=\"canonical\" href=\"https:\/\/www.twins-syndic.com\/index.php\/qui-sommes-nous\/\" \/>\n<meta property=\"og:locale\" content=\"fr_FR\" \/>\n<meta property=\"og:type\" content=\"article\" \/>\n<meta property=\"og:title\" content=\"Qui sommes-nous ? | Twins-Syndic\" \/>\n<meta property=\"og:description\" content=\"Twins-Syndic vous accompagne dans la gestion de votre copropri\u00e9t\u00e9. N&#039;h\u00e9sitez pas \u00e0 nous contacter : tel : 0488\/51.60.08 Mail : info@twins-syndic.com\" \/>\n<meta property=\"og:url\" content=\"https:\/\/www.twins-syndic.com\/index.php\/qui-sommes-nous\/\" \/>\n<meta property=\"og:site_name\" content=\"Twins-Syndic\" \/>\n<meta property=\"article:modified_time\" content=\"2022-05-09T09:19:07+00:00\" \/>\n<meta property=\"og:image\" content=\"https:\/\/www.twins-syndic.com\/wp-content\/uploads\/2022\/01\/Sans-titre-3.png\" \/>\n<meta name=\"twitter:card\" content=\"summary_large_image\" \/>\n<meta name=\"twitter:label1\" content=\"Dur\u00e9e de lecture estim\u00e9e\" \/>\n\t<meta name=\"twitter:data1\" content=\"3 minutes\" \/>\n<script type=\"application\/ld+json\" class=\"yoast-schema-graph\">{\"@context\":\"https:\/\/schema.org\",\"@graph\":[{\"@type\":[\"Person\",\"Organization\"],\"@id\":\"https:\/\/www.twins-syndic.com\/#\/schema\/person\/94769ee675cad29bc4ec602bbb5e3934\",\"name\":\"admin4833\",\"image\":{\"@type\":\"ImageObject\",\"@id\":\"https:\/\/www.twins-syndic.com\/#personlogo\",\"inLanguage\":\"fr-FR\",\"url\":\"https:\/\/www.twins-syndic.com\/wp-content\/uploads\/2022\/01\/cropped-logo-syndic-bon-format-2-1.png\",\"contentUrl\":\"https:\/\/www.twins-syndic.com\/wp-content\/uploads\/2022\/01\/cropped-logo-syndic-bon-format-2-1.png\",\"width\":216,\"height\":161,\"caption\":\"admin4833\"},\"logo\":{\"@id\":\"https:\/\/www.twins-syndic.com\/#personlogo\"},\"sameAs\":[\"http:\/\/www.twins-syndic.com\"]},{\"@type\":\"WebSite\",\"@id\":\"https:\/\/www.twins-syndic.com\/#website\",\"url\":\"https:\/\/www.twins-syndic.com\/\",\"name\":\"Twins-Syndic\",\"description\":\"&quot;Nous g\\u00e9rons votre immeuble de A \\u00e0 Z&quot;\",\"publisher\":{\"@id\":\"https:\/\/www.twins-syndic.com\/#\/schema\/person\/94769ee675cad29bc4ec602bbb5e3934\"},\"potentialAction\":[{\"@type\":\"SearchAction\",\"target\":{\"@type\":\"EntryPoint\",\"urlTemplate\":\"https:\/\/www.twins-syndic.com\/?s={search_term_string}\"},\"query-input\":\"required name=search_term_string\"}],\"inLanguage\":\"fr-FR\"},{\"@type\":\"ImageObject\",\"@id\":\"https:\/\/www.twins-syndic.com\/index.php\/qui-sommes-nous\/#primaryimage\",\"inLanguage\":\"fr-FR\",\"url\":\"https:\/\/www.twins-syndic.com\/wp-content\/uploads\/2022\/01\/Sans-titre-3.png\",\"contentUrl\":\"https:\/\/www.twins-syndic.com\/wp-content\/uploads\/2022\/01\/Sans-titre-3.png\",\"width\":183,\"height\":189},{\"@type\":\"WebPage\",\"@id\":\"https:\/\/www.twins-syndic.com\/index.php\/qui-sommes-nous\/#webpage\",\"url\":\"https:\/\/www.twins-syndic.com\/index.php\/qui-sommes-nous\/\",\"name\":\"Qui sommes-nous ? | Twins-Syndic\",\"isPartOf\":{\"@id\":\"https:\/\/www.twins-syndic.com\/#website\"},\"primaryImageOfPage\":{\"@id\":\"https:\/\/www.twins-syndic.com\/index.php\/qui-sommes-nous\/#primaryimage\"},\"datePublished\":\"2022-01-16T12:42:51+00:00\",\"dateModified\":\"2022-05-09T09:19:07+00:00\",\"description\":\"Twins-Syndic vous accompagne dans la gestion de votre copropri\\u00e9t\\u00e9. N'h\\u00e9sitez pas \\u00e0 nous contacter : tel : 0488\/51.60.08 Mail : info@twins-syndic.com\",\"breadcrumb\":{\"@id\":\"https:\/\/www.twins-syndic.com\/index.php\/qui-sommes-nous\/#breadcrumb\"},\"inLanguage\":\"fr-FR\",\"potentialAction\":[{\"@type\":\"ReadAction\",\"target\":[\"https:\/\/www.twins-syndic.com\/index.php\/qui-sommes-nous\/\"]}]},{\"@type\":\"BreadcrumbList\",\"@id\":\"https:\/\/www.twins-syndic.com\/index.php\/qui-sommes-nous\/#breadcrumb\",\"itemListElement\":[{\"@type\":\"ListItem\",\"position\":1,\"name\":\"Accueil\",\"item\":\"https:\/\/www.twins-syndic.com\/\"},{\"@type\":\"ListItem\",\"position\":2,\"name\":\"Qui sommes-nous ?\"}]}]}<\/script>\n<!-- \/ Yoast SEO plugin. -->","yoast_head_json":{"title":"Qui sommes-nous ? | Twins-Syndic","description":"Twins-Syndic vous accompagne dans la gestion de votre copropri\u00e9t\u00e9. N'h\u00e9sitez pas \u00e0 nous contacter : tel : 0488\/51.60.08 Mail : info@twins-syndic.com","robots":{"index":"index","follow":"follow","max-snippet":"max-snippet:-1","max-image-preview":"max-image-preview:large","max-video-preview":"max-video-preview:-1"},"canonical":"https:\/\/www.twins-syndic.com\/index.php\/qui-sommes-nous\/","og_locale":"fr_FR","og_type":"article","og_title":"Qui sommes-nous ? | Twins-Syndic","og_description":"Twins-Syndic vous accompagne dans la gestion de votre copropri\u00e9t\u00e9. N'h\u00e9sitez pas \u00e0 nous contacter : tel : 0488\/51.60.08 Mail : info@twins-syndic.com","og_url":"https:\/\/www.twins-syndic.com\/index.php\/qui-sommes-nous\/","og_site_name":"Twins-Syndic","article_modified_time":"2022-05-09T09:19:07+00:00","og_image":[{"url":"https:\/\/www.twins-syndic.com\/wp-content\/uploads\/2022\/01\/Sans-titre-3.png"}],"twitter_card":"summary_large_image","twitter_misc":{"Dur\u00e9e de lecture estim\u00e9e":"3 minutes"},"schema":{"@context":"https:\/\/schema.org","@graph":[{"@type":["Person","Organization"],"@id":"https:\/\/www.twins-syndic.com\/#\/schema\/person\/94769ee675cad29bc4ec602bbb5e3934","name":"admin4833","image":{"@type":"ImageObject","@id":"https:\/\/www.twins-syndic.com\/#personlogo","inLanguage":"fr-FR","url":"https:\/\/www.twins-syndic.com\/wp-content\/uploads\/2022\/01\/cropped-logo-syndic-bon-format-2-1.png","contentUrl":"https:\/\/www.twins-syndic.com\/wp-content\/uploads\/2022\/01\/cropped-logo-syndic-bon-format-2-1.png","width":216,"height":161,"caption":"admin4833"},"logo":{"@id":"https:\/\/www.twins-syndic.com\/#personlogo"},"sameAs":["http:\/\/www.twins-syndic.com"]},{"@type":"WebSite","@id":"https:\/\/www.twins-syndic.com\/#website","url":"https:\/\/www.twins-syndic.com\/","name":"Twins-Syndic","description":"&quot;Nous g\u00e9rons votre immeuble de A \u00e0 Z&quot;","publisher":{"@id":"https:\/\/www.twins-syndic.com\/#\/schema\/person\/94769ee675cad29bc4ec602bbb5e3934"},"potentialAction":[{"@type":"SearchAction","target":{"@type":"EntryPoint","urlTemplate":"https:\/\/www.twins-syndic.com\/?s={search_term_string}"},"query-input":"required name=search_term_string"}],"inLanguage":"fr-FR"},{"@type":"ImageObject","@id":"https:\/\/www.twins-syndic.com\/index.php\/qui-sommes-nous\/#primaryimage","inLanguage":"fr-FR","url":"https:\/\/www.twins-syndic.com\/wp-content\/uploads\/2022\/01\/Sans-titre-3.png","contentUrl":"https:\/\/www.twins-syndic.com\/wp-content\/uploads\/2022\/01\/Sans-titre-3.png","width":183,"height":189},{"@type":"WebPage","@id":"https:\/\/www.twins-syndic.com\/index.php\/qui-sommes-nous\/#webpage","url":"https:\/\/www.twins-syndic.com\/index.php\/qui-sommes-nous\/","name":"Qui sommes-nous ? | Twins-Syndic","isPartOf":{"@id":"https:\/\/www.twins-syndic.com\/#website"},"primaryImageOfPage":{"@id":"https:\/\/www.twins-syndic.com\/index.php\/qui-sommes-nous\/#primaryimage"},"datePublished":"2022-01-16T12:42:51+00:00","dateModified":"2022-05-09T09:19:07+00:00","description":"Twins-Syndic vous accompagne dans la gestion de votre copropri\u00e9t\u00e9. N'h\u00e9sitez pas \u00e0 nous contacter : tel : 0488\/51.60.08 Mail : info@twins-syndic.com","breadcrumb":{"@id":"https:\/\/www.twins-syndic.com\/index.php\/qui-sommes-nous\/#breadcrumb"},"inLanguage":"fr-FR","potentialAction":[{"@type":"ReadAction","target":["https:\/\/www.twins-syndic.com\/index.php\/qui-sommes-nous\/"]}]},{"@type":"BreadcrumbList","@id":"https:\/\/www.twins-syndic.com\/index.php\/qui-sommes-nous\/#breadcrumb","itemListElement":[{"@type":"ListItem","position":1,"name":"Accueil","item":"https:\/\/www.twins-syndic.com\/"},{"@type":"ListItem","position":2,"name":"Qui sommes-nous ?"}]}]}},"_links":{"self":[{"href":"https:\/\/www.twins-syndic.com\/index.php\/wp-json\/wp\/v2\/pages\/219"}],"collection":[{"href":"https:\/\/www.twins-syndic.com\/index.php\/wp-json\/wp\/v2\/pages"}],"about":[{"href":"https:\/\/www.twins-syndic.com\/index.php\/wp-json\/wp\/v2\/types\/page"}],"author":[{"embeddable":true,"href":"https:\/\/www.twins-syndic.com\/index.php\/wp-json\/wp\/v2\/users\/1"}],"replies":[{"embeddable":true,"href":"https:\/\/www.twins-syndic.com\/index.php\/wp-json\/wp\/v2\/comments?post=219"}],"version-history":[{"count":11,"href":"https:\/\/www.twins-syndic.com\/index.php\/wp-json\/wp\/v2\/pages\/219\/revisions"}],"predecessor-version":[{"id":642,"href":"https:\/\/www.twins-syndic.com\/index.php\/wp-json\/wp\/v2\/pages\/219\/revisions\/642"}],"wp:attachment":[{"href":"https:\/\/www.twins-syndic.com\/index.php\/wp-json\/wp\/v2\/media?parent=219"}],"curies":[{"name":"wp","href":"https:\/\/api.w.org\/{rel}","templated":true}]}}